{"id":171,"date":"2021-09-22T15:45:41","date_gmt":"2021-09-22T18:45:41","guid":{"rendered":"http:\/\/atendecidadao.maripademinas.mg.gov.br\/index.php\/materialis\/"},"modified":"2025-02-17T10:43:08","modified_gmt":"2025-02-17T13:43:08","slug":"materialis","status":"publish","type":"page","link":"https:\/\/atendecidadao.uba.mg.gov.br\/","title":{"rendered":"Front Page"},"content":{"rendered":"<div data-colibri-id=\"171-c1\" class=\"style-196 style-local-171-c1 position-relative\">\n  <!---->\n  <div data-colibri-component=\"section\" data-colibri-id=\"171-c2\" id=\"features\" class=\"h-section h-section-global-spacing d-flex align-items-lg-center align-items-md-center align-items-center style-635 style-local-171-c2 position-relative\">\n    <!---->\n    <!---->\n    <div class=\"h-section-grid-container h-section-fluid-container\">\n      <!---->\n      <div data-colibri-id=\"171-c3\" class=\"h-row-container gutters-row-lg-0 gutters-row-md-0 gutters-row-0 gutters-row-v-lg-0 gutters-row-v-md-0 gutters-row-v-0 style-636 style-local-171-c3 position-relative\">\n        <!---->\n        <div class=\"h-row justify-content-lg-center justify-content-md-center justify-content-center align-items-lg-stretch align-items-md-stretch align-items-stretch gutters-col-lg-0 gutters-col-md-0 gutters-col-0 gutters-col-v-lg-0 gutters-col-v-md-0 gutters-col-v-0\">\n          <!---->\n          <div class=\"h-column h-column-container d-flex h-col-lg-auto h-col-md-auto h-col-auto style-637-outer style-local-171-c4-outer\">\n            <div data-colibri-id=\"171-c4\" class=\"d-flex h-flex-basis h-column__inner h-px-lg-0 h-px-md-0 h-px-0 v-inner-lg-0 v-inner-md-0 v-inner-0 style-637 style-local-171-c4 position-relative\">\n              <!---->\n              <!---->\n              <div class=\"w-100 h-y-container h-column__content h-column__v-align flex-basis-100 align-self-lg-center align-self-md-center align-self-center\">\n                <!---->\n                <div data-colibri-id=\"171-c5\" class=\"h-global-transition-all h-heading style-638 style-local-171-c5 position-relative h-element\">\n                  <!---->\n                  <div class=\"h-heading__outer style-638 style-local-171-c5\">\n                    <!---->\n                    <!---->\n                    <h2 class=\"\">Servi\u00e7os Internos da SMS<\/h2>\n                  <\/div>\n                <\/div>\n              <\/div>\n            <\/div>\n          <\/div>\n          <div class=\"h-column h-column-container d-flex h-col-lg-auto h-col-md-auto h-col-auto style-641-outer style-local-171-c6-outer\">\n            <div data-colibri-id=\"171-c6\" class=\"d-flex h-flex-basis h-column__inner h-px-lg-3 h-px-md-3 h-px-3 v-inner-lg-3 v-inner-md-3 v-inner-3 style-641 style-local-171-c6 position-relative\">\n              <div class=\"background-wrapper\">\n                <div class=\"background-layer background-layer-media-container-lg\">\n                  <!---->\n                  <div class=\"overlay-layer\">\n                    <div class=\"overlay-image-layer\" style=\"background-color: rgb(239, 249, 235); opacity: 0.9;\"><\/div>\n                  <\/div>\n                <\/div>\n                <div class=\"background-layer background-layer-media-container-md\">\n                  <!---->\n                  <div class=\"overlay-layer\">\n                    <div class=\"overlay-image-layer\" style=\"background-color: rgb(239, 249, 235); opacity: 0.9;\"><\/div>\n                  <\/div>\n                <\/div>\n                <div class=\"background-layer background-layer-media-container\">\n                  <!---->\n                  <div class=\"overlay-layer\">\n                    <div class=\"overlay-image-layer\" style=\"background-color: rgb(239, 249, 235); opacity: 0.9;\"><\/div>\n                  <\/div>\n                <\/div>\n              <\/div>\n              <!---->\n              <div class=\"w-100 h-y-container h-column__content h-column__v-align flex-basis-100 align-self-lg-start align-self-md-start align-self-start\">\n                <!---->\n                <div data-colibri-id=\"171-c7\" class=\"h-icon style-642 style-local-171-c7 position-relative h-element\">\n                  <!---->\n                  <a href=\"https:\/\/atendecidadao.uba.mg.gov.br\/atendimento\/plugins\/formcreator\/front\/formdisplay.php?id=200\" target=\"_blank\" h-use-smooth-scroll=\"true\"><span class=\"h-svg-icon h-icon__icon style-642-icon style-local-171-c7-icon\"><!--Icon by Font Awesome (https:\/\/fontawesome.com)-->\n    <svg version=\"1.1\" xmlns=\"http:\/\/www.w3.org\/2000\/svg\" xmlns:xlink=\"http:\/\/www.w3.org\/1999\/xlink\" id=\"snowflake-o\" viewBox=\"0 0 1664 1896.0833\">\n      <path d=\"M1566 1117l-167 33 186 107q23 13 29.5 38.5t-6.5 48.5q-14 23-39 29.5t-48-6.5l-186-106 55 160q13 38-12 63.5t-60.5 20.5-48.5-42l-102-300-271-156v313l208 238q16 18 17 39t-11 36.5-28.5 25-37 5.5-36.5-22l-112-128v214q0 26-19 45t-45 19-45-19-19-45v-214l-112 128q-16 18-36.5 22t-37-5.5-28.5-25-11-36.5 17-39l208-238v-313l-271 156-102 300q-13 37-48.5 42t-60.5-20.5-12-63.5l55-160-186 106q-23 13-48 6.5T56 1344q-13-23-6.5-48.5T79 1257l186-107-167-33q-29-6-42-29t-8.5-46.5 25.5-40 50-10.5l310 62 271-157-271-157-310 62q-4 1-13 1-27 0-44-18t-19-40 11-43 40-26l167-33L79 535q-23-13-29.5-38.5T56 448t39-30 48 7l186 106-55-160q-13-38 12-63.5t60.5-20.5 48.5 42l102 300 271 156V472L560 234q-16-18-17-39t11-36.5 28.5-25 37-5.5 36.5 22l112 128V64q0-26 19-45t45-19 45 19 19 45v214l112-128q16-18 36.5-22t37 5.5 28.5 25 11 36.5-17 39L896 472v313l271-156 102-300q13-37 48.5-42t60.5 20.5 12 63.5l-55 160 186-106q23-13 48-6.5t39 29.5q13 23 6.5 48.5T1585 535l-186 107 167 33q27 5 40 26t11 43-19 40-44 18q-9 0-13-1l-310-62-271 157 271 157 310-62q29-6 50 10.5t25.5 40-8.5 46.5-42 29z\"><\/path>\n    <\/svg><\/span><\/a>\n                <\/div>\n                <div data-colibri-id=\"171-c8\" class=\"h-global-transition-all h-heading style-643 style-local-171-c8 position-relative h-element\">\n                  <!---->\n                  <div class=\"h-heading__outer style-643 style-local-171-c8\">\n                    <!---->\n                    <!---->\n                    <h4 class=\"\">Ar Condicionado<\/h4>\n                  <\/div>\n                <\/div>\n                <div data-colibri-id=\"171-c9\" class=\"h-text h-text-component style-644 style-local-171-c9 position-relative h-element\">\n                  <!---->\n                  <!---->\n                  <div class=\"\"><\/div>\n                <\/div>\n              <\/div>\n            <\/div>\n          <\/div>\n          <div class=\"h-column h-column-container d-flex h-col-lg-auto h-col-md-auto h-col-auto style-645-outer style-local-171-c10-outer\">\n            <div data-colibri-id=\"171-c10\" class=\"d-flex h-flex-basis h-column__inner h-px-lg-3 h-px-md-3 h-px-3 v-inner-lg-3 v-inner-md-3 v-inner-3 style-645 style-local-171-c10 position-relative\">\n              <div class=\"background-wrapper\">\n                <div class=\"background-layer background-layer-media-container-lg\">\n                  <!---->\n                  <div class=\"overlay-layer\">\n                    <div class=\"overlay-image-layer\" style=\"background-color: rgb(90, 209, 0); opacity: 0.9;\"><\/div>\n                  <\/div>\n                <\/div>\n                <div class=\"background-layer background-layer-media-container-md\">\n                  <!---->\n                  <div class=\"overlay-layer\">\n                    <div class=\"overlay-image-layer\" style=\"background-color: rgb(90, 209, 0); opacity: 0.9;\"><\/div>\n                  <\/div>\n                <\/div>\n                <div class=\"background-layer background-layer-media-container\">\n                  <!---->\n                  <div class=\"overlay-layer\">\n                    <div class=\"overlay-image-layer\" style=\"background-color: rgb(90, 209, 0); opacity: 0.9;\"><\/div>\n                  <\/div>\n                <\/div>\n              <\/div>\n              <!---->\n              <div class=\"w-100 h-y-container h-column__content h-column__v-align flex-basis-100 align-self-lg-start align-self-md-start align-self-start\">\n                <!---->\n                <div data-colibri-id=\"171-c11\" class=\"h-icon style-646 style-local-171-c11 position-relative h-element\">\n                  <!---->\n                  <a href=\"https:\/\/atendecidadao.uba.mg.gov.br\/atendimento\/plugins\/formcreator\/front\/formdisplay.php?id=200\" target=\"_blank\" h-use-smooth-scroll=\"true\"><span class=\"h-svg-icon h-icon__icon style-646-icon style-local-171-c11-icon\"><!--Icon by Icons8 Line Awesome (https:\/\/icons8.com\/line-awesome)--><svg version=\"1.1\" xmlns=\"http:\/\/www.w3.org\/2000\/svg\" xmlns:xlink=\"http:\/\/www.w3.org\/1999\/xlink\" id=\"line-chart\" viewBox=\"0 0 512 545.5\"><path d=\"M435.5 118l25 20-64 80-8 10-11.5-5.5-51.5-25.5-56 84-9.5 14-13.5-10-54.5-41-54.5 41-6 4.5-7.5-2-64-16 8-31 56.5 14 58-43.5 9.5-7 9.5 7 50.5 38 54.5-82 8-11.5 12.5 6 52.5 26.5zM321 325l12.5 18 52 77.5 50-62.5 25 20-64 80-13.5 17-12.5-18-52-77.5-50 62.5-9.5 12-12.5-9-54.5-41-54.5 41-8 5.5-8.5-4-64-32 14-29 55.5 27.5 56-42 9.5-7 9.5 7 51.5 39 54.5-68z\"><\/path><\/svg><\/span><\/a>\n                <\/div>\n                <div data-colibri-id=\"171-c12\" class=\"h-global-transition-all h-heading style-647 style-local-171-c12 position-relative h-element\">\n                  <!---->\n                  <div class=\"h-heading__outer style-647 style-local-171-c12\">\n                    <!---->\n                    <!---->\n                    <h4 class=\"\">Bebedouro<\/h4>\n                  <\/div>\n                <\/div>\n                <div data-colibri-id=\"171-c13\" class=\"h-text h-text-component style-648 style-local-171-c13 position-relative h-element\">\n                  <!---->\n                  <!---->\n                  <div class=\"\"><\/div>\n                <\/div>\n              <\/div>\n            <\/div>\n          <\/div>\n          <div class=\"h-column h-column-container d-flex h-col-lg-auto h-col-md-auto h-col-auto style-649-outer style-local-171-c14-outer\">\n            <div data-colibri-id=\"171-c14\" class=\"d-flex h-flex-basis h-column__inner h-px-lg-3 h-px-md-3 h-px-3 v-inner-lg-3 v-inner-md-3 v-inner-3 style-649 style-local-171-c14 position-relative\">\n              <div class=\"background-wrapper\">\n                <div class=\"background-layer background-layer-media-container-lg\">\n                  <!---->\n                  <div class=\"overlay-layer\">\n                    <div class=\"overlay-image-layer\" style=\"background-color: rgb(239, 249, 235); opacity: 0.9;\"><\/div>\n                  <\/div>\n                <\/div>\n                <div class=\"background-layer background-layer-media-container-md\">\n                  <!---->\n                  <div class=\"overlay-layer\">\n                    <div class=\"overlay-image-layer\" style=\"background-color: rgb(239, 249, 235); opacity: 0.9;\"><\/div>\n                  <\/div>\n                <\/div>\n                <div class=\"background-layer background-layer-media-container\">\n                  <!---->\n                  <div class=\"overlay-layer\">\n                    <div class=\"overlay-image-layer\" style=\"background-color: rgb(239, 249, 235); opacity: 0.9;\"><\/div>\n                  <\/div>\n                <\/div>\n              <\/div>\n              <!---->\n              <div class=\"w-100 h-y-container h-column__content h-column__v-align flex-basis-100 align-self-lg-start align-self-md-start align-self-start\">\n                <!---->\n                <div data-colibri-id=\"171-c15\" class=\"h-icon style-642 style-local-171-c15 position-relative h-element\">\n                  <!---->\n                  <a href=\"https:\/\/atendecidadao.uba.mg.gov.br\/atendimento\/plugins\/formcreator\/front\/formdisplay.php?id=200\" target=\"_blank\" h-use-smooth-scroll=\"true\"><span class=\"h-svg-icon h-icon__icon style-642-icon style-local-171-c15-icon\"><!--Icon by Icons8 Line Awesome (https:\/\/icons8.com\/line-awesome)--><svg version=\"1.1\" xmlns=\"http:\/\/www.w3.org\/2000\/svg\" xmlns:xlink=\"http:\/\/www.w3.org\/1999\/xlink\" id=\"building\" viewBox=\"0 0 512 545.5\"><path d=\"M64 80h384v416H272v-64h-32v64H64V80zm32 32v352h112v-64h96v64h112V112H96zm32 32h64v32h-64v-32zm96 0h64v32h-64v-32zm96 0h64v32h-64v-32zm-192 64h64v32h-64v-32zm96 0h64v32h-64v-32zm96 0h64v32h-64v-32zm-192 64h64v32h-64v-32zm96 0h64v32h-64v-32zm96 0h64v32h-64v-32zm-192 64h64v32h-64v-32zm96 0h64v32h-64v-32zm96 0h64v32h-64v-32zm-192 64h64v32h-64v-32zm192 0h64v32h-64v-32z\"><\/path><\/svg><\/span><\/a>\n                <\/div>\n                <div data-colibri-id=\"171-c16\" class=\"h-global-transition-all h-heading style-643 style-local-171-c16 position-relative h-element\">\n                  <!---->\n                  <div class=\"h-heading__outer style-643 style-local-171-c16\">\n                    <!---->\n                    <!---->\n                    <h4 class=\"\">Manuten\u00e7\u00e3o Predial<\/h4>\n                  <\/div>\n                <\/div>\n                <div data-colibri-id=\"171-c17\" class=\"h-text h-text-component style-644 style-local-171-c17 position-relative h-element\">\n                  <!---->\n                  <!---->\n                  <div class=\"\"><\/div>\n                <\/div>\n              <\/div>\n            <\/div>\n          <\/div>\n        <\/div>\n      <\/div>\n    <\/div>\n  <\/div>\n<\/div>","protected":false},"excerpt":{"rendered":"<p>Servi\u00e7os Internos da SMS Ar Condicionado Bebedouro Manuten\u00e7\u00e3o Predial<\/p>\n","protected":false},"author":1,"featured_media":0,"parent":0,"menu_order":0,"comment_status":"closed","ping_status":"closed","template":"page-templates\/full-width-page.php","meta":{"footnotes":""},"class_list":["post-171","page","type-page","status-publish","hentry"],"_links":{"self":[{"href":"https:\/\/atendecidadao.uba.mg.gov.br\/index.php\/wp-json\/wp\/v2\/pages\/171","targetHints":{"allow":["GET"]}}],"collection":[{"href":"https:\/\/atendecidadao.uba.mg.gov.br\/index.php\/wp-json\/wp\/v2\/pages"}],"about":[{"href":"https:\/\/atendecidadao.uba.mg.gov.br\/index.php\/wp-json\/wp\/v2\/types\/page"}],"author":[{"embeddable":true,"href":"https:\/\/atendecidadao.uba.mg.gov.br\/index.php\/wp-json\/wp\/v2\/users\/1"}],"replies":[{"embeddable":true,"href":"https:\/\/atendecidadao.uba.mg.gov.br\/index.php\/wp-json\/wp\/v2\/comments?post=171"}],"version-history":[{"count":20,"href":"https:\/\/atendecidadao.uba.mg.gov.br\/index.php\/wp-json\/wp\/v2\/pages\/171\/revisions"}],"predecessor-version":[{"id":798,"href":"https:\/\/atendecidadao.uba.mg.gov.br\/index.php\/wp-json\/wp\/v2\/pages\/171\/revisions\/798"}],"wp:attachment":[{"href":"https:\/\/atendecidadao.uba.mg.gov.br\/index.php\/wp-json\/wp\/v2\/media?parent=171"}],"curies":[{"name":"wp","href":"https:\/\/api.w.org\/{rel}","templated":true}]}}